{"id":1871,"date":"2022-09-28T05:21:56","date_gmt":"2022-09-28T08:21:56","guid":{"rendered":"https:\/\/artwebsites.com.br\/marmitex\/?post_type=product&#038;p=1871"},"modified":"2022-09-28T13:13:40","modified_gmt":"2022-09-28T16:13:40","slug":"almondegas","status":"publish","type":"product","link":"https:\/\/artwebsites.com.br\/marmitex\/produto\/almondegas\/","title":{"rendered":"Alm\u00f4ndegas"},"content":{"rendered":"<p>Alm\u00f4ndegas Arroz feij\u00e3o e fritas ou espagueti alho e \u00f3leo.<\/p>\n","protected":false},"excerpt":{"rendered":"<p>Alm\u00f4ndegas Arroz feij\u00e3o e fritas ou espagueti alho e \u00f3leo.<\/p>\n","protected":false},"featured_media":2044,"comment_status":"open","ping_status":"closed","template":"","meta":[],"product_cat":[21],"product_tag":[],"class_list":{"0":"post-1871","1":"product","2":"type-product","3":"status-publish","4":"has-post-thumbnail","6":"product_cat-carne","8":"first","9":"instock","10":"shipping-taxable","11":"purchasable","12":"product-type-simple"},"_links":{"self":[{"href":"https:\/\/artwebsites.com.br\/marmitex\/wp-json\/wp\/v2\/product\/1871","targetHints":{"allow":["GET"]}}],"collection":[{"href":"https:\/\/artwebsites.com.br\/marmitex\/wp-json\/wp\/v2\/product"}],"about":[{"href":"https:\/\/artwebsites.com.br\/marmitex\/wp-json\/wp\/v2\/types\/product"}],"replies":[{"embeddable":true,"href":"https:\/\/artwebsites.com.br\/marmitex\/wp-json\/wp\/v2\/comments?post=1871"}],"version-history":[{"count":1,"href":"https:\/\/artwebsites.com.br\/marmitex\/wp-json\/wp\/v2\/product\/1871\/revisions"}],"predecessor-version":[{"id":1873,"href":"https:\/\/artwebsites.com.br\/marmitex\/wp-json\/wp\/v2\/product\/1871\/revisions\/1873"}],"wp:featuredmedia":[{"embeddable":true,"href":"https:\/\/artwebsites.com.br\/marmitex\/wp-json\/wp\/v2\/media\/2044"}],"wp:attachment":[{"href":"https:\/\/artwebsites.com.br\/marmitex\/wp-json\/wp\/v2\/media?parent=1871"}],"wp:term":[{"taxonomy":"product_cat","embeddable":true,"href":"https:\/\/artwebsites.com.br\/marmitex\/wp-json\/wp\/v2\/product_cat?post=1871"},{"taxonomy":"product_tag","embeddable":true,"href":"https:\/\/artwebsites.com.br\/marmitex\/wp-json\/wp\/v2\/product_tag?post=1871"}],"curies":[{"name":"wp","href":"https:\/\/api.w.org\/{rel}","templated":true}]}}