{"id":312,"date":"2022-06-03T13:14:09","date_gmt":"2022-06-03T16:14:09","guid":{"rendered":"https:\/\/artwebsites.com.br\/marmitex\/minha-conta\/"},"modified":"2022-09-28T20:15:17","modified_gmt":"2022-09-28T23:15:17","slug":"minha-conta","status":"publish","type":"page","link":"https:\/\/artwebsites.com.br\/marmitex\/minha-conta\/","title":{"rendered":"Minha conta"},"content":{"rendered":"\t\t<div data-elementor-type=\"wp-page\" data-elementor-id=\"312\" class=\"elementor elementor-312\" data-elementor-post-type=\"page\">\n\t\t\t\t\t\t<section class=\"elementor-section elementor-top-section elementor-element elementor-element-3695b429 elementor-section-height-min-height elementor-section-boxed elementor-section-height-default elementor-section-items-middle\" data-id=\"3695b429\" data-element_type=\"section\" data-settings=\"{&quot;background_background&quot;:&quot;classic&quot;,&quot;_ha_eqh_enable&quot;:false}\">\n\t\t\t\t\t\t<div class=\"elementor-container elementor-column-gap-default\">\n\t\t\t\t\t<div class=\"elementor-column elementor-col-100 elementor-top-column elementor-element elementor-element-7bafbcf5\" data-id=\"7bafbcf5\" data-element_type=\"column\">\n\t\t\t<div class=\"elementor-widget-wrap elementor-element-populated\">\n\t\t\t\t\t\t<div class=\"elementor-element elementor-element-f964061 elementor-widget elementor-widget-heading\" data-id=\"f964061\" data-element_type=\"widget\" data-widget_type=\"heading.default\">\n\t\t\t\t<div class=\"elementor-widget-container\">\n\t\t\t<h2 class=\"elementor-heading-title elementor-size-default\">MINHA CONTA<\/h2>\t\t<\/div>\n\t\t\t\t<\/div>\n\t\t\t\t<div class=\"elementor-element elementor-element-af289b4 e-my-account-tabs-horizontal elementor-widget elementor-widget-woocommerce-my-account\" data-id=\"af289b4\" data-element_type=\"widget\" data-widget_type=\"woocommerce-my-account.default\">\n\t\t\t\t<div class=\"elementor-widget-container\">\n\t\t\t<div class=\"e-my-account-tab e-my-account-tab__ \">\t\t\t<div class=\"woocommerce\"><\/div>\t\t<\/div>\n\t\t\t\t<\/div>\n\t\t\t\t<\/div>\n\t\t\t\t\t<\/div>\n\t\t<\/div>\n\t\t\t\t\t<\/div>\n\t\t<\/section>\n\t\t\t\t<\/div>\n\t\t","protected":false},"excerpt":{"rendered":"<p>MINHA CONTA Painel Pedidos Downloads Endere\u00e7os Detalhes da conta Sair Painel Pedidos Downloads Endere\u00e7os Detalhes da conta Sair Ol\u00e1, sz4wvs (n\u00e3o \u00e9 sz4wvs? Sair) A partir do painel de controle de sua conta, voc\u00ea pode ver suas compras recentes, gerenciar seus endere\u00e7os de entrega e faturamento, e editar sua senha e detalhes da conta.<\/p>\n","protected":false},"author":1,"featured_media":0,"parent":0,"menu_order":0,"comment_status":"closed","ping_status":"closed","template":"elementor_header_footer","meta":{"footnotes":""},"class_list":["post-312","page","type-page","status-publish","hentry"],"_links":{"self":[{"href":"https:\/\/artwebsites.com.br\/marmitex\/wp-json\/wp\/v2\/pages\/312","targetHints":{"allow":["GET"]}}],"collection":[{"href":"https:\/\/artwebsites.com.br\/marmitex\/wp-json\/wp\/v2\/pages"}],"about":[{"href":"https:\/\/artwebsites.com.br\/marmitex\/wp-json\/wp\/v2\/types\/page"}],"author":[{"embeddable":true,"href":"https:\/\/artwebsites.com.br\/marmitex\/wp-json\/wp\/v2\/users\/1"}],"replies":[{"embeddable":true,"href":"https:\/\/artwebsites.com.br\/marmitex\/wp-json\/wp\/v2\/comments?post=312"}],"version-history":[{"count":136,"href":"https:\/\/artwebsites.com.br\/marmitex\/wp-json\/wp\/v2\/pages\/312\/revisions"}],"predecessor-version":[{"id":2301,"href":"https:\/\/artwebsites.com.br\/marmitex\/wp-json\/wp\/v2\/pages\/312\/revisions\/2301"}],"wp:attachment":[{"href":"https:\/\/artwebsites.com.br\/marmitex\/wp-json\/wp\/v2\/media?parent=312"}],"curies":[{"name":"wp","href":"https:\/\/api.w.org\/{rel}","templated":true}]}}