{"id":310,"date":"2022-06-03T13:14:09","date_gmt":"2022-06-03T16:14:09","guid":{"rendered":"https:\/\/artwebsites.com.br\/marmitex\/carrinho\/"},"modified":"2023-03-30T14:41:54","modified_gmt":"2023-03-30T17:41:54","slug":"carrinho","status":"publish","type":"page","link":"https:\/\/artwebsites.com.br\/marmitex\/carrinho\/","title":{"rendered":"Carrinho"},"content":{"rendered":"\t\t<div data-elementor-type=\"wp-page\" data-elementor-id=\"310\" class=\"elementor elementor-310\" data-elementor-post-type=\"page\">\n\t\t\t\t<div class=\"elementor-element elementor-element-f3d8cee e-flex e-con-boxed e-con e-parent\" data-id=\"f3d8cee\" data-element_type=\"container\">\n\t\t\t\t\t<div class=\"e-con-inner\">\n\t\t\t\t<div class=\"elementor-element elementor-element-dc0f466 elementor-widget elementor-widget-image\" data-id=\"dc0f466\" data-element_type=\"widget\" data-widget_type=\"image.default\">\n\t\t\t\t<div class=\"elementor-widget-container\">\n\t\t\t\t\t\t\t\t\t\t\t\t\t<img decoding=\"async\" width=\"140\" height=\"60\" src=\"https:\/\/artwebsites.com.br\/marmitex\/wp-content\/uploads\/logoNEW-copiar.jpg\" class=\"attachment-medium size-medium wp-image-2006\" alt=\"\" \/>\t\t\t\t\t\t\t\t\t\t\t\t\t<\/div>\n\t\t\t\t<\/div>\n\t\t\t\t\t<\/div>\n\t\t\t\t<\/div>\n\t\t<div class=\"elementor-element elementor-element-08cb959 e-flex e-con-boxed e-con e-parent\" data-id=\"08cb959\" data-element_type=\"container\">\n\t\t\t\t\t<div class=\"e-con-inner\">\n\t\t\t\t\t<\/div>\n\t\t\t\t<\/div>\n\t\t\t\t<\/div>\n\t\t","protected":false},"excerpt":{"rendered":"<p>Carrinho Remover Produto Nome produto Pre\u00e7o Quantidade Total Fanta 2 litros &#82;&#36;&nbsp;11,00 Fanta 2 litros quantidade &#82;&#36;&nbsp;44,00 Cupim &#82;&#36;&nbsp;20,00 Cupim quantidade &#82;&#36;&nbsp;40,00 Alm\u00f4ndegas &#82;&#36;&nbsp;16,00 Alm\u00f4ndegas quantidade &#82;&#36;&nbsp;16,00 Cupom: Aplicar cupom Atualizar Total no carrinho Subtotal &#82;&#36;&nbsp;100,00 Entrega Taxa fixa Frete gr\u00e1tis Entrega para Rua Capibaribe 56, 6 dfgvddf d, S\u00e3o Paulo, S\u00e3o Paulo, 04631-100. Mudar [&hellip;]<\/p>\n","protected":false},"author":1,"featured_media":0,"parent":0,"menu_order":0,"comment_status":"closed","ping_status":"closed","template":"elementor_header_footer","meta":{"footnotes":""},"class_list":["post-310","page","type-page","status-publish","hentry"],"_links":{"self":[{"href":"https:\/\/artwebsites.com.br\/marmitex\/wp-json\/wp\/v2\/pages\/310","targetHints":{"allow":["GET"]}}],"collection":[{"href":"https:\/\/artwebsites.com.br\/marmitex\/wp-json\/wp\/v2\/pages"}],"about":[{"href":"https:\/\/artwebsites.com.br\/marmitex\/wp-json\/wp\/v2\/types\/page"}],"author":[{"embeddable":true,"href":"https:\/\/artwebsites.com.br\/marmitex\/wp-json\/wp\/v2\/users\/1"}],"replies":[{"embeddable":true,"href":"https:\/\/artwebsites.com.br\/marmitex\/wp-json\/wp\/v2\/comments?post=310"}],"version-history":[{"count":266,"href":"https:\/\/artwebsites.com.br\/marmitex\/wp-json\/wp\/v2\/pages\/310\/revisions"}],"predecessor-version":[{"id":2944,"href":"https:\/\/artwebsites.com.br\/marmitex\/wp-json\/wp\/v2\/pages\/310\/revisions\/2944"}],"wp:attachment":[{"href":"https:\/\/artwebsites.com.br\/marmitex\/wp-json\/wp\/v2\/media?parent=310"}],"curies":[{"name":"wp","href":"https:\/\/api.w.org\/{rel}","templated":true}]}}