{"id":35,"date":"2022-06-28T12:51:03","date_gmt":"2022-06-28T12:51:03","guid":{"rendered":"https:\/\/artwebsites.com.br\/eletronicos\/?post_type=product&#038;p=35"},"modified":"2023-04-05T15:32:03","modified_gmt":"2023-04-05T15:32:03","slug":"bolo-floresta-negra","status":"publish","type":"product","link":"https:\/\/artwebsites.com.br\/eletronicos\/produto\/bolo-floresta-negra\/","title":{"rendered":"Fone Bluetooth Premium C"},"content":{"rendered":"<p>Fone Bluetooth Premium Compat\u00edvel Air Pods 3\u00ba Gera\u00e7\u00e3o<\/p>\n<p>Fone Baseado no mais novo lan\u00e7amento da Apple, com mesmo design e n\u00edvel de acabamento, possui praticamente todas as mesmas fun\u00e7\u00f5es obtendo um \u00f3timo custo benef\u00edcio.<\/p>\n<p>&nbsp;<\/p>\n<p>&#8211; Al\u00e9m do design, o diferencial da 3\u00aa gera\u00e7\u00e3o \u00e9 a fun\u00e7\u00e3o \u00e1udio espacial, que oferece som ainda melhor! Onde voc\u00ea consegue uma experi\u00eancia imersiva atrav\u00e9s de sons tridimensionais. Com a fun\u00e7\u00e3o ativa, voc\u00ea consegue perceber que o som t\u00e1 vindo de diferentes dire\u00e7\u00f5es, e n\u00e3o apenas direita e esquerda, como nos fones est\u00e9reo (necess\u00e1rio que o arquivo de \u00e1udio e v\u00eddeo tamb\u00e9m seja compat\u00edvel com a fun\u00e7\u00e3o).<\/p>\n<p>&nbsp;<\/p>\n<p>&#8211; Total interatividade com os sistemas Apple! Menu Bluetooth e m\u00e9todo de conex\u00e3o exatamente igual ao modelo da Apple. Conex\u00e3o r\u00e1pida e autom\u00e1tica! Basta ligar o bluetooth do celular e abrir a caixinha, que surgir\u00e1 o popup de conex\u00e3o dos airpods. (Apenas IOS).<\/p>\n<p>&nbsp;<\/p>\n<p>&#8211; Fone apresenta cancelamento de ru\u00eddo ativo!<\/p>\n<p>&nbsp;<\/p>\n<p>&#8211; Qualidade de \u00e1udio: Driver personalizado de alta amplitude e baixa distor\u00e7\u00e3o emite graves potentes e um som impec\u00e1vel, a Equaliza\u00e7\u00e3o Adaptativa afina a m\u00fasica automaticamente para se adequar ao formato do seu ouvido criando uma sensa\u00e7\u00e3o de \u00e1udio rica e consistente.<\/p>\n<p>&nbsp;<\/p>\n<p>Conte\u00fado do pacote:<\/p>\n<p>&nbsp;<\/p>\n<p>1x par de fones de ouvido (D\/E)<\/p>\n<p>1x case de carregamento<\/p>\n<p>1x cabo de carregamento Lightning\/USB-C<\/p>\n<p>1x manuais do usu\u00e1rio<\/p>\n<p>&nbsp;<\/p>\n","protected":false},"excerpt":{"rendered":"<p>Fone Bluetooth Premium Compat\u00edvel Air Pods 3\u00ba Gera\u00e7\u00e3o<\/p>\n<p>Fone Baseado no mais novo lan\u00e7amento da Apple, com mesmo design e n\u00edvel de acabamento, possui praticamente todas as mesmas fun\u00e7\u00f5es obtendo um \u00f3timo custo benef\u00edcio.<\/p>\n","protected":false},"featured_media":4860,"comment_status":"open","ping_status":"closed","template":"","meta":[],"product_cat":[15],"product_tag":[],"class_list":["post-35","product","type-product","status-publish","has-post-thumbnail","hentry","product_cat-fone-de-ouvido"],"_links":{"self":[{"href":"https:\/\/artwebsites.com.br\/eletronicos\/wp-json\/wp\/v2\/product\/35","targetHints":{"allow":["GET"]}}],"collection":[{"href":"https:\/\/artwebsites.com.br\/eletronicos\/wp-json\/wp\/v2\/product"}],"about":[{"href":"https:\/\/artwebsites.com.br\/eletronicos\/wp-json\/wp\/v2\/types\/product"}],"replies":[{"embeddable":true,"href":"https:\/\/artwebsites.com.br\/eletronicos\/wp-json\/wp\/v2\/comments?post=35"}],"version-history":[{"count":1,"href":"https:\/\/artwebsites.com.br\/eletronicos\/wp-json\/wp\/v2\/product\/35\/revisions"}],"predecessor-version":[{"id":2719,"href":"https:\/\/artwebsites.com.br\/eletronicos\/wp-json\/wp\/v2\/product\/35\/revisions\/2719"}],"wp:featuredmedia":[{"embeddable":true,"href":"https:\/\/artwebsites.com.br\/eletronicos\/wp-json\/wp\/v2\/media\/4860"}],"wp:attachment":[{"href":"https:\/\/artwebsites.com.br\/eletronicos\/wp-json\/wp\/v2\/media?parent=35"}],"wp:term":[{"taxonomy":"product_cat","embeddable":true,"href":"https:\/\/artwebsites.com.br\/eletronicos\/wp-json\/wp\/v2\/product_cat?post=35"},{"taxonomy":"product_tag","embeddable":true,"href":"https:\/\/artwebsites.com.br\/eletronicos\/wp-json\/wp\/v2\/product_tag?post=35"}],"curies":[{"name":"wp","href":"https:\/\/api.w.org\/{rel}","templated":true}]}}