{"id":34,"date":"2022-06-28T12:51:03","date_gmt":"2022-06-28T12:51:03","guid":{"rendered":"https:\/\/artwebsites.com.br\/eletronicos\/?post_type=product&#038;p=34"},"modified":"2023-02-02T14:12:03","modified_gmt":"2023-02-02T14:12:03","slug":"bolo-leite-ninho-nutella","status":"publish","type":"product","link":"https:\/\/artwebsites.com.br\/eletronicos\/produto\/bolo-leite-ninho-nutella\/","title":{"rendered":"Fone De Ouvido Samson Sr850"},"content":{"rendered":"<p>Fone De Ouvido Profissional Samson Sr850<\/p>\n<p>Especifica\u00e7\u00f5es t\u00e9cnicas:<\/p>\n<p>&nbsp;<\/p>\n<p>Marca: Samson<\/p>\n<p>Resist\u00eancia: 32 Ohm<\/p>\n<p>Modelo Samson: SR850<\/p>\n<p>Imperme\u00e1vel: n\u00e3o<\/p>\n<p>Com microfone: n\u00e3o<\/p>\n<p>Suporte Cart\u00e3o de Mem\u00f3ria: N\u00e3o<\/p>\n<p>Conectores: 3,5 mm (P2) + Adaptador P10<\/p>\n<p>Comunica\u00e7\u00e3o: com fio<\/p>\n<p>Tipo de plugue: tipo de linha<\/p>\n<p>Bot\u00e3o de controle: n\u00e3o<\/p>\n<p>Cancelamento de Ru\u00eddo Ativo: N\u00e3o<\/p>\n<p>Faixa de resposta de freq\u00fc\u00eancia: 10-30000Hz<\/p>\n<p>Fun\u00e7\u00e3o: fone de ouvido de alta fidelidade<\/p>\n<p>Tipo sem fio: nenhum<\/p>\n<p>Princ\u00edpio do Vocalismo: Din\u00e2mico<\/p>\n<p>Estilo: Bandana<\/p>\n<p>Suporte APP: N\u00e3o<\/p>\n<p>Sensibilidade: 98dB<\/p>\n<p>N\u00famero do Modelo: SR850Is<\/p>\n<p>Sem Fio: N\u00e3o<\/p>\n<p>Controle de volume: N\u00e3o<\/p>\n<p>Comprimento da Linha: 2.5m<\/p>\n<p>Fun\u00e7\u00e3o: M\u00fasica<\/p>\n<p>Suporte Apt-x: N\u00e3o<\/p>\n","protected":false},"excerpt":{"rendered":"<p>Fone De Ouvido Profissional Samson Sr850<\/p>\n","protected":false},"featured_media":2721,"comment_status":"open","ping_status":"closed","template":"","meta":[],"product_cat":[15],"product_tag":[],"class_list":["post-34","product","type-product","status-publish","has-post-thumbnail","hentry","product_cat-fone-de-ouvido"],"_links":{"self":[{"href":"https:\/\/artwebsites.com.br\/eletronicos\/wp-json\/wp\/v2\/product\/34","targetHints":{"allow":["GET"]}}],"collection":[{"href":"https:\/\/artwebsites.com.br\/eletronicos\/wp-json\/wp\/v2\/product"}],"about":[{"href":"https:\/\/artwebsites.com.br\/eletronicos\/wp-json\/wp\/v2\/types\/product"}],"replies":[{"embeddable":true,"href":"https:\/\/artwebsites.com.br\/eletronicos\/wp-json\/wp\/v2\/comments?post=34"}],"version-history":[{"count":3,"href":"https:\/\/artwebsites.com.br\/eletronicos\/wp-json\/wp\/v2\/product\/34\/revisions"}],"predecessor-version":[{"id":3497,"href":"https:\/\/artwebsites.com.br\/eletronicos\/wp-json\/wp\/v2\/product\/34\/revisions\/3497"}],"wp:featuredmedia":[{"embeddable":true,"href":"https:\/\/artwebsites.com.br\/eletronicos\/wp-json\/wp\/v2\/media\/2721"}],"wp:attachment":[{"href":"https:\/\/artwebsites.com.br\/eletronicos\/wp-json\/wp\/v2\/media?parent=34"}],"wp:term":[{"taxonomy":"product_cat","embeddable":true,"href":"https:\/\/artwebsites.com.br\/eletronicos\/wp-json\/wp\/v2\/product_cat?post=34"},{"taxonomy":"product_tag","embeddable":true,"href":"https:\/\/artwebsites.com.br\/eletronicos\/wp-json\/wp\/v2\/product_tag?post=34"}],"curies":[{"name":"wp","href":"https:\/\/api.w.org\/{rel}","templated":true}]}}