{"id":2768,"date":"2022-12-06T14:20:59","date_gmt":"2022-12-06T14:20:59","guid":{"rendered":"https:\/\/artwebsites.com.br\/eletronicos\/?post_type=product&#038;p=2768"},"modified":"2023-02-02T14:10:31","modified_gmt":"2023-02-02T14:10:31","slug":"console-xbox-360-slim-250gb-microsoft","status":"publish","type":"product","link":"https:\/\/artwebsites.com.br\/eletronicos\/produto\/console-xbox-360-slim-250gb-microsoft\/","title":{"rendered":"Console Xbox 360 Slim 250GB"},"content":{"rendered":"<h5 class=\"nome-produto titulo cor-secundaria\">Console Xbox 360 Slim 250GB &#8211; Microsoft<\/h5>\n<p>O videogame \u00e9 o sucessor do Xbox, tamb\u00e9m conhecido como Xbox Cl\u00e1ssico. Fez parte da s\u00e9tima gera\u00e7\u00e3o dos consoles competindo lado a lado com o Wii da Nintendo e o PlayStation 3 da Sony. O Xbox Live, servi\u00e7o online do Xbox 360, permite ao usu\u00e1rio jogar online com seus amigos, assistir v\u00eddeos, escutar m\u00fasicas, entre outras coisas.<\/p>\n<p>Com o Xbox 360 a divers\u00e3o \u00e9 garantida, j\u00e1 que ele oferece uma variedade imensa de jogos, sendo eles para todos os gostos e idades. O console permite que voc\u00ea use seu corpo como controle nos games que s\u00e3o compat\u00edveis com o sensor kinect, ou seja, voc\u00ea pode dan\u00e7ar, pular, lutar, entrar em batalhas com seus amigos e se divertir muito com seus familiares.<\/p>\n<h3>ESPECIFICA\u00c7\u00d5ES<\/h3>\n<ul>\n<li><strong>FABRICANTE:<\/strong>Microsoft<\/li>\n<li><strong>CAPACIDADE:<\/strong>250GB<\/li>\n<li><strong>MODELO:<\/strong>Slim<\/li>\n<li><strong>VOLTAGEM:<\/strong>110V<\/li>\n<li><strong>COR:<\/strong>Preta<\/li>\n<li><strong>RESOLU\u00c7\u00c3O M\u00c1XIMA:<\/strong>1080p<\/li>\n<\/ul>\n<h3>GARANTIA<\/h3>\n<p>6 meses contra defeitos de fabrica\u00e7\u00e3o<\/p>\n<h3>PRODUTO<\/h3>\n<p>Em boas condi\u00e7\u00f5es! O produto possui riscos e sinais do tempo, mas funciona perfeitamente.<\/p>\n<h3>EMBALAGEM<\/h3>\n<p>N\u00e3o acompanha a embalagem original, o produto ser\u00e1 enviado em uma embalagem gen\u00e9rica.<\/p>\n<h3>ITENS INCLUSOS<\/h3>\n<ul>\n<li>Console<\/li>\n<li>Controle<\/li>\n<li>Cabo HDMI<\/li>\n<li>Fonte de alimenta\u00e7\u00e3o<\/li>\n<li>Cabo de energia<\/li>\n<\/ul>\n","protected":false},"excerpt":{"rendered":"<h1 class=\"nome-produto titulo cor-secundaria\">Console Xbox 360 Slim 250GB &#8211; Microsoft<\/h1>\n","protected":false},"featured_media":2771,"comment_status":"open","ping_status":"closed","template":"","meta":[],"product_cat":[44],"product_tag":[],"class_list":["post-2768","product","type-product","status-publish","has-post-thumbnail","hentry","product_cat-game-console"],"_links":{"self":[{"href":"https:\/\/artwebsites.com.br\/eletronicos\/wp-json\/wp\/v2\/product\/2768","targetHints":{"allow":["GET"]}}],"collection":[{"href":"https:\/\/artwebsites.com.br\/eletronicos\/wp-json\/wp\/v2\/product"}],"about":[{"href":"https:\/\/artwebsites.com.br\/eletronicos\/wp-json\/wp\/v2\/types\/product"}],"replies":[{"embeddable":true,"href":"https:\/\/artwebsites.com.br\/eletronicos\/wp-json\/wp\/v2\/comments?post=2768"}],"version-history":[{"count":4,"href":"https:\/\/artwebsites.com.br\/eletronicos\/wp-json\/wp\/v2\/product\/2768\/revisions"}],"predecessor-version":[{"id":4063,"href":"https:\/\/artwebsites.com.br\/eletronicos\/wp-json\/wp\/v2\/product\/2768\/revisions\/4063"}],"wp:featuredmedia":[{"embeddable":true,"href":"https:\/\/artwebsites.com.br\/eletronicos\/wp-json\/wp\/v2\/media\/2771"}],"wp:attachment":[{"href":"https:\/\/artwebsites.com.br\/eletronicos\/wp-json\/wp\/v2\/media?parent=2768"}],"wp:term":[{"taxonomy":"product_cat","embeddable":true,"href":"https:\/\/artwebsites.com.br\/eletronicos\/wp-json\/wp\/v2\/product_cat?post=2768"},{"taxonomy":"product_tag","embeddable":true,"href":"https:\/\/artwebsites.com.br\/eletronicos\/wp-json\/wp\/v2\/product_tag?post=2768"}],"curies":[{"name":"wp","href":"https:\/\/api.w.org\/{rel}","templated":true}]}}