{"id":2764,"date":"2022-12-06T14:16:10","date_gmt":"2022-12-06T14:16:10","guid":{"rendered":"https:\/\/artwebsites.com.br\/eletronicos\/?post_type=product&#038;p=2764"},"modified":"2023-02-02T14:10:55","modified_gmt":"2023-02-02T14:10:55","slug":"console-playstation-4-pro-1tb-sony","status":"publish","type":"product","link":"https:\/\/artwebsites.com.br\/eletronicos\/produto\/console-playstation-4-pro-1tb-sony\/","title":{"rendered":"Console PlayStation 4 Pro 1TB"},"content":{"rendered":"<p>O PlayStation 4 Pro conta com um poderoso processamento gr\u00e1fico, sendo o primeiro video game da empresa Sony capaz de rodar jogos na resolu\u00e7\u00e3o 4K. O console possui a GPU (4.20 TFLOPS, AMD Radeon\u2122) superior a\u00a0todas as outras lan\u00e7adas anteriormente, deixando a taxa de frames muito mais est\u00e1vel. O design do PS4 Pro \u00e9 muito mais robusto e maior que\u00a0os outros modelos, sendo mais parecido com a vers\u00e3o slim do que com a Fat.<\/p>\n<p>O console proporciona melhor visibilidade dos objetos distantes no fundo, com maior foco e mais detalhes, as imagens possuem tra\u00e7os mais suaves, como cantos arredondados e rostos com uma apar\u00eancia mais realista, conta tamb\u00e9m com um design mais elaborado das imagens que criam os detalhes que vemos nos jogos, como ferrugem em metais ou sujeiras em roupas. O PS4 Pro \u00e9 o console ideal para voc\u00ea que busca qualidade e fluidez nos seus jogos preferidos.<\/p>\n<ul>\n<li><strong>FABRICANTE:<\/strong>\u00a0Sony<\/li>\n<li><strong>CAPACIDADE:<\/strong>\u00a01TB<\/li>\n<li><strong>MODELO:<\/strong>\u00a0Pro<\/li>\n<li><strong>VOLTAGEM:<\/strong>\u00a0240V<\/li>\n<li><strong>COR:<\/strong>\u00a0Preto<\/li>\n<li><strong>TAXA DE FRAMES:<\/strong>\u00a030\/60 frames p\/s<\/li>\n<li><strong>RESOLU\u00c7\u00c3O M\u00c1XIMA:<\/strong>\u00a04K<\/li>\n<li><strong>M\u00cdDIAS COMPAT\u00cdVEIS:<\/strong>\u00a0Blu-ray e Blu-ray 3D<\/li>\n<\/ul>\n<h3>GARANTIA<\/h3>\n<p>6 meses contra defeitos de fabrica\u00e7\u00e3o<\/p>\n<h3>CONSOLE<\/h3>\n<p>Em boas condi\u00e7\u00f5es! Possui leves riscos e sinais do tempo, mas funciona perfeitamente.<\/p>\n<h3>EMBALAGEM<\/h3>\n<p>N\u00e3o acompanha a embalagem original, o produto ser\u00e1 enviado em uma embalagem gen\u00e9rica.<\/p>\n<h3>ITENS INCLUSOS<\/h3>\n<ul>\n<li>Console<\/li>\n<li>Controle<\/li>\n<li>Cabo HDMI<\/li>\n<li>Cabo de alimenta\u00e7\u00e3o<\/li>\n<\/ul>\n","protected":false},"excerpt":{"rendered":"<p>Console PlayStation 4 Pro 1TB &#8211; Sony<\/p>\n","protected":false},"featured_media":2766,"comment_status":"open","ping_status":"closed","template":"","meta":[],"product_cat":[44],"product_tag":[],"class_list":["post-2764","product","type-product","status-publish","has-post-thumbnail","hentry","product_cat-game-console"],"_links":{"self":[{"href":"https:\/\/artwebsites.com.br\/eletronicos\/wp-json\/wp\/v2\/product\/2764","targetHints":{"allow":["GET"]}}],"collection":[{"href":"https:\/\/artwebsites.com.br\/eletronicos\/wp-json\/wp\/v2\/product"}],"about":[{"href":"https:\/\/artwebsites.com.br\/eletronicos\/wp-json\/wp\/v2\/types\/product"}],"replies":[{"embeddable":true,"href":"https:\/\/artwebsites.com.br\/eletronicos\/wp-json\/wp\/v2\/comments?post=2764"}],"version-history":[{"count":2,"href":"https:\/\/artwebsites.com.br\/eletronicos\/wp-json\/wp\/v2\/product\/2764\/revisions"}],"predecessor-version":[{"id":3496,"href":"https:\/\/artwebsites.com.br\/eletronicos\/wp-json\/wp\/v2\/product\/2764\/revisions\/3496"}],"wp:featuredmedia":[{"embeddable":true,"href":"https:\/\/artwebsites.com.br\/eletronicos\/wp-json\/wp\/v2\/media\/2766"}],"wp:attachment":[{"href":"https:\/\/artwebsites.com.br\/eletronicos\/wp-json\/wp\/v2\/media?parent=2764"}],"wp:term":[{"taxonomy":"product_cat","embeddable":true,"href":"https:\/\/artwebsites.com.br\/eletronicos\/wp-json\/wp\/v2\/product_cat?post=2764"},{"taxonomy":"product_tag","embeddable":true,"href":"https:\/\/artwebsites.com.br\/eletronicos\/wp-json\/wp\/v2\/product_tag?post=2764"}],"curies":[{"name":"wp","href":"https:\/\/api.w.org\/{rel}","templated":true}]}}