{"id":27,"date":"2022-06-28T12:51:03","date_gmt":"2022-06-28T12:51:03","guid":{"rendered":"https:\/\/artwebsites.com.br\/eletronicos\/?post_type=product&#038;p=27"},"modified":"2023-02-02T17:58:30","modified_gmt":"2023-02-02T17:58:30","slug":"kit-festa-10-pessoas","status":"publish","type":"product","link":"https:\/\/artwebsites.com.br\/eletronicos\/produto\/kit-festa-10-pessoas\/","title":{"rendered":"Caixa De Som Gamer Usb Led"},"content":{"rendered":"<p>Caixa De Som Pc Notebook Gamer Caixinha Usb Potente Led<\/p>\n<p>Caixa de som dupla ideal para computador e outros dispositivos<\/p>\n<p>Explore com muita facilidade as musicas de celular, tablet, pc<\/p>\n<p>com conex\u00e3o plug&amp;play<\/p>\n<p>Tamanho do Cabo: 1,20m<\/p>\n<p>Caracteristicas:<\/p>\n<p>Compat\u00edvel com PCs, notebooks, smartphones, tablets, MP3\/MP4 palyers<\/p>\n<p>Alta qualidade sonora<\/p>\n<p>Controle de volume<\/p>\n<p>Prote\u00e7\u00e3o magn\u00e9tica<\/p>\n<p>Potencia de 10 watts RMS<\/p>\n<p>Alimenta\u00e7\u00e3o USB<\/p>\n<p>LED indicador de Funcionamento<\/p>\n<p>Especifica\u00e7\u00f5es:<\/p>\n<p>Potencia: 10w (5w+5w)<\/p>\n<p>Alimenta\u00e7\u00e3o 5Vdc (via porta usb)<\/p>\n<p>Conex\u00e3o: padr\u00e3o P2 de 3,5 mm<\/p>\n<p>Frequ\u00eancia de resposta: 100Hz ~20KHz<\/p>\n<p>Sensibilidade: 70dB + 4db<\/p>\n<p>Impend\u00e2ncia: 40hms<\/p>\n<p>&nbsp;<\/p>\n","protected":false},"excerpt":{"rendered":"<p>Caixa De Som Pc Notebook Gamer Caixinha Usb Potente Led<\/p>\n","protected":false},"featured_media":2755,"comment_status":"open","ping_status":"closed","template":"","meta":[],"product_cat":[25],"product_tag":[],"class_list":["post-27","product","type-product","status-publish","has-post-thumbnail","hentry","product_cat-caixa-de-som"],"_links":{"self":[{"href":"https:\/\/artwebsites.com.br\/eletronicos\/wp-json\/wp\/v2\/product\/27","targetHints":{"allow":["GET"]}}],"collection":[{"href":"https:\/\/artwebsites.com.br\/eletronicos\/wp-json\/wp\/v2\/product"}],"about":[{"href":"https:\/\/artwebsites.com.br\/eletronicos\/wp-json\/wp\/v2\/types\/product"}],"replies":[{"embeddable":true,"href":"https:\/\/artwebsites.com.br\/eletronicos\/wp-json\/wp\/v2\/comments?post=27"}],"version-history":[{"count":2,"href":"https:\/\/artwebsites.com.br\/eletronicos\/wp-json\/wp\/v2\/product\/27\/revisions"}],"predecessor-version":[{"id":2754,"href":"https:\/\/artwebsites.com.br\/eletronicos\/wp-json\/wp\/v2\/product\/27\/revisions\/2754"}],"wp:featuredmedia":[{"embeddable":true,"href":"https:\/\/artwebsites.com.br\/eletronicos\/wp-json\/wp\/v2\/media\/2755"}],"wp:attachment":[{"href":"https:\/\/artwebsites.com.br\/eletronicos\/wp-json\/wp\/v2\/media?parent=27"}],"wp:term":[{"taxonomy":"product_cat","embeddable":true,"href":"https:\/\/artwebsites.com.br\/eletronicos\/wp-json\/wp\/v2\/product_cat?post=27"},{"taxonomy":"product_tag","embeddable":true,"href":"https:\/\/artwebsites.com.br\/eletronicos\/wp-json\/wp\/v2\/product_tag?post=27"}],"curies":[{"name":"wp","href":"https:\/\/api.w.org\/{rel}","templated":true}]}}