{"id":21,"date":"2022-06-28T12:51:03","date_gmt":"2022-06-28T12:51:03","guid":{"rendered":"https:\/\/artwebsites.com.br\/eletronicos\/?post_type=product&#038;p=21"},"modified":"2023-02-02T19:21:20","modified_gmt":"2023-02-02T19:21:20","slug":"bolo-mousse-com-nozes","status":"publish","type":"product","link":"https:\/\/artwebsites.com.br\/eletronicos\/produto\/bolo-mousse-com-nozes\/","title":{"rendered":"Fone in-ear QCY Wireless"},"content":{"rendered":"<p>O que voc\u00ea precisa saber sobre este produto<\/p>\n<p>Fone de ouvido in-ear sem fio QCY True Wireless Earbuds T13 preto<\/p>\n<p>Possui tecnologia True Wireless.<\/p>\n<p>Seu alcance sem fio \u00e9 de 10 m.<\/p>\n<p>Sua bateria dura 8 h.<\/p>\n<p>Modo m\u00e3os-livres inclu\u00eddo.<\/p>\n<p>Tem cancelamento de ru\u00eddo.<\/p>\n<p>Com estojo de carregamento.<\/p>\n<p>Inclui microfone.<\/p>\n<p>Resistentes \u00e0 \u00e1gua.<\/p>\n<p>Sua classifica\u00e7\u00e3o de IP \u00e9 IPX5.<\/p>\n<p>Uso adequado para esporte.<\/p>\n<p>Som superior e ilimitado.<\/p>\n<p>Confort\u00e1vels e pr\u00e1ticos.<\/p>\n<p>A dura\u00e7\u00e3o da bateria depende do uso que se d\u00ea ao produto.<\/p>\n","protected":false},"excerpt":{"rendered":"<p>Fone de ouvido in-ear sem fio QCY True Wireless Earbuds T13 preto<\/p>\n","protected":false},"featured_media":2712,"comment_status":"open","ping_status":"closed","template":"","meta":[],"product_cat":[15],"product_tag":[],"class_list":["post-21","product","type-product","status-publish","has-post-thumbnail","hentry","product_cat-fone-de-ouvido"],"_links":{"self":[{"href":"https:\/\/artwebsites.com.br\/eletronicos\/wp-json\/wp\/v2\/product\/21","targetHints":{"allow":["GET"]}}],"collection":[{"href":"https:\/\/artwebsites.com.br\/eletronicos\/wp-json\/wp\/v2\/product"}],"about":[{"href":"https:\/\/artwebsites.com.br\/eletronicos\/wp-json\/wp\/v2\/types\/product"}],"replies":[{"embeddable":true,"href":"https:\/\/artwebsites.com.br\/eletronicos\/wp-json\/wp\/v2\/comments?post=21"}],"version-history":[{"count":4,"href":"https:\/\/artwebsites.com.br\/eletronicos\/wp-json\/wp\/v2\/product\/21\/revisions"}],"predecessor-version":[{"id":3500,"href":"https:\/\/artwebsites.com.br\/eletronicos\/wp-json\/wp\/v2\/product\/21\/revisions\/3500"}],"wp:featuredmedia":[{"embeddable":true,"href":"https:\/\/artwebsites.com.br\/eletronicos\/wp-json\/wp\/v2\/media\/2712"}],"wp:attachment":[{"href":"https:\/\/artwebsites.com.br\/eletronicos\/wp-json\/wp\/v2\/media?parent=21"}],"wp:term":[{"taxonomy":"product_cat","embeddable":true,"href":"https:\/\/artwebsites.com.br\/eletronicos\/wp-json\/wp\/v2\/product_cat?post=21"},{"taxonomy":"product_tag","embeddable":true,"href":"https:\/\/artwebsites.com.br\/eletronicos\/wp-json\/wp\/v2\/product_tag?post=21"}],"curies":[{"name":"wp","href":"https:\/\/api.w.org\/{rel}","templated":true}]}}