{"id":325,"date":"2022-06-03T13:33:38","date_gmt":"2022-06-03T16:33:38","guid":{"rendered":"https:\/\/artwebsites.com.br\/burg\/?post_type=product&#038;p=325"},"modified":"2023-02-09T13:30:57","modified_gmt":"2023-02-09T16:30:57","slug":"enroladinho-top","status":"publish","type":"product","link":"https:\/\/artwebsites.com.br\/burg\/produto\/enroladinho-top\/","title":{"rendered":"ENROLADINHO TOP"},"content":{"rendered":"<p>Enroladinho de carnes nobres\u00a0 de fabrica\u00e7\u00e3o pr\u00f3pria.<\/p>\n","protected":false},"excerpt":{"rendered":"<p>Enroladinho dde carnes nobres\u00a0 de fabrica\u00e7\u00e3o pr\u00f3pria.<\/p>\n","protected":false},"featured_media":705,"comment_status":"open","ping_status":"closed","template":"","meta":[],"product_cat":[21],"product_tag":[25],"_links":{"self":[{"href":"https:\/\/artwebsites.com.br\/burg\/wp-json\/wp\/v2\/product\/325"}],"collection":[{"href":"https:\/\/artwebsites.com.br\/burg\/wp-json\/wp\/v2\/product"}],"about":[{"href":"https:\/\/artwebsites.com.br\/burg\/wp-json\/wp\/v2\/types\/product"}],"replies":[{"embeddable":true,"href":"https:\/\/artwebsites.com.br\/burg\/wp-json\/wp\/v2\/comments?post=325"}],"version-history":[{"count":4,"href":"https:\/\/artwebsites.com.br\/burg\/wp-json\/wp\/v2\/product\/325\/revisions"}],"predecessor-version":[{"id":706,"href":"https:\/\/artwebsites.com.br\/burg\/wp-json\/wp\/v2\/product\/325\/revisions\/706"}],"wp:featuredmedia":[{"embeddable":true,"href":"https:\/\/artwebsites.com.br\/burg\/wp-json\/wp\/v2\/media\/705"}],"wp:attachment":[{"href":"https:\/\/artwebsites.com.br\/burg\/wp-json\/wp\/v2\/media?parent=325"}],"wp:term":[{"taxonomy":"product_cat","embeddable":true,"href":"https:\/\/artwebsites.com.br\/burg\/wp-json\/wp\/v2\/product_cat?post=325"},{"taxonomy":"product_tag","embeddable":true,"href":"https:\/\/artwebsites.com.br\/burg\/wp-json\/wp\/v2\/product_tag?post=325"}],"curies":[{"name":"wp","href":"https:\/\/api.w.org\/{rel}","templated":true}]}}