{"id":321,"date":"2022-06-03T13:29:45","date_gmt":"2022-06-03T16:29:45","guid":{"rendered":"https:\/\/artwebsites.com.br\/burg\/?post_type=product&#038;p=321"},"modified":"2022-09-10T07:05:35","modified_gmt":"2022-09-10T10:05:35","slug":"master-hot-dog","status":"publish","type":"product","link":"https:\/\/artwebsites.com.br\/burg\/produto\/master-hot-dog\/","title":{"rendered":"MASTER HOT DOG"},"content":{"rendered":"<p>Hot dog com salsicha especial de fabrica\u00e7\u00e3o pr\u00f3pria.<\/p>\n","protected":false},"excerpt":{"rendered":"<p>Hot dog com salsicha especial de fabrica\u00e7\u00e3o pr\u00f3pria<\/p>\n","protected":false},"featured_media":713,"comment_status":"open","ping_status":"closed","template":"","meta":[],"product_cat":[22],"product_tag":[24],"_links":{"self":[{"href":"https:\/\/artwebsites.com.br\/burg\/wp-json\/wp\/v2\/product\/321"}],"collection":[{"href":"https:\/\/artwebsites.com.br\/burg\/wp-json\/wp\/v2\/product"}],"about":[{"href":"https:\/\/artwebsites.com.br\/burg\/wp-json\/wp\/v2\/types\/product"}],"replies":[{"embeddable":true,"href":"https:\/\/artwebsites.com.br\/burg\/wp-json\/wp\/v2\/comments?post=321"}],"version-history":[{"count":4,"href":"https:\/\/artwebsites.com.br\/burg\/wp-json\/wp\/v2\/product\/321\/revisions"}],"predecessor-version":[{"id":714,"href":"https:\/\/artwebsites.com.br\/burg\/wp-json\/wp\/v2\/product\/321\/revisions\/714"}],"wp:featuredmedia":[{"embeddable":true,"href":"https:\/\/artwebsites.com.br\/burg\/wp-json\/wp\/v2\/media\/713"}],"wp:attachment":[{"href":"https:\/\/artwebsites.com.br\/burg\/wp-json\/wp\/v2\/media?parent=321"}],"wp:term":[{"taxonomy":"product_cat","embeddable":true,"href":"https:\/\/artwebsites.com.br\/burg\/wp-json\/wp\/v2\/product_cat?post=321"},{"taxonomy":"product_tag","embeddable":true,"href":"https:\/\/artwebsites.com.br\/burg\/wp-json\/wp\/v2\/product_tag?post=321"}],"curies":[{"name":"wp","href":"https:\/\/api.w.org\/{rel}","templated":true}]}}