{"id":315,"date":"2022-06-03T13:24:29","date_gmt":"2022-06-03T16:24:29","guid":{"rendered":"https:\/\/artwebsites.com.br\/burg\/?post_type=product&#038;p=315"},"modified":"2023-04-03T15:32:02","modified_gmt":"2023-04-03T18:32:02","slug":"beef-burger-black","status":"publish","type":"product","link":"https:\/\/artwebsites.com.br\/burg\/produto\/beef-burger-black\/","title":{"rendered":"BEEF BURGER BLACK"},"content":{"rendered":"<p>Combina\u00e7\u00e3o de p\u00e3o preto com hamburguer diferente.<\/p>\n","protected":false},"excerpt":{"rendered":"<p>Combina\u00e7\u00e3o de p\u00e3o preto com hamburguer diferente.<\/p>\n","protected":false},"featured_media":721,"comment_status":"open","ping_status":"closed","template":"","meta":[],"product_cat":[22],"product_tag":[24],"_links":{"self":[{"href":"https:\/\/artwebsites.com.br\/burg\/wp-json\/wp\/v2\/product\/315"}],"collection":[{"href":"https:\/\/artwebsites.com.br\/burg\/wp-json\/wp\/v2\/product"}],"about":[{"href":"https:\/\/artwebsites.com.br\/burg\/wp-json\/wp\/v2\/types\/product"}],"replies":[{"embeddable":true,"href":"https:\/\/artwebsites.com.br\/burg\/wp-json\/wp\/v2\/comments?post=315"}],"version-history":[{"count":4,"href":"https:\/\/artwebsites.com.br\/burg\/wp-json\/wp\/v2\/product\/315\/revisions"}],"predecessor-version":[{"id":722,"href":"https:\/\/artwebsites.com.br\/burg\/wp-json\/wp\/v2\/product\/315\/revisions\/722"}],"wp:featuredmedia":[{"embeddable":true,"href":"https:\/\/artwebsites.com.br\/burg\/wp-json\/wp\/v2\/media\/721"}],"wp:attachment":[{"href":"https:\/\/artwebsites.com.br\/burg\/wp-json\/wp\/v2\/media?parent=315"}],"wp:term":[{"taxonomy":"product_cat","embeddable":true,"href":"https:\/\/artwebsites.com.br\/burg\/wp-json\/wp\/v2\/product_cat?post=315"},{"taxonomy":"product_tag","embeddable":true,"href":"https:\/\/artwebsites.com.br\/burg\/wp-json\/wp\/v2\/product_tag?post=315"}],"curies":[{"name":"wp","href":"https:\/\/api.w.org\/{rel}","templated":true}]}}