{"id":2727,"date":"2022-09-19T19:09:31","date_gmt":"2022-09-19T19:09:31","guid":{"rendered":"https:\/\/artwebsites.com.br\/adegao\/?post_type=product&#038;p=2727"},"modified":"2023-04-27T18:47:54","modified_gmt":"2023-04-27T18:47:54","slug":"carvao-7-kg","status":"publish","type":"product","link":"https:\/\/artwebsites.com.br\/adegao\/produto\/carvao-7-kg\/","title":{"rendered":"Carv\u00e3o para churrasco 7 kg"},"content":{"rendered":"<p>Carv\u00e3o 7 kg marca Crioulo, carv\u00e3o bom, rende bem.<\/p>\n","protected":false},"excerpt":{"rendered":"<p>Carv\u00e3o 7 kg marca Crioulo, carv\u00e3o bom, rende bem.<\/p>\n","protected":false},"featured_media":2728,"template":"","meta":[],"product_cat":[46],"product_tag":[],"_links":{"self":[{"href":"https:\/\/artwebsites.com.br\/adegao\/wp-json\/wp\/v2\/product\/2727"}],"collection":[{"href":"https:\/\/artwebsites.com.br\/adegao\/wp-json\/wp\/v2\/product"}],"about":[{"href":"https:\/\/artwebsites.com.br\/adegao\/wp-json\/wp\/v2\/types\/product"}],"version-history":[{"count":3,"href":"https:\/\/artwebsites.com.br\/adegao\/wp-json\/wp\/v2\/product\/2727\/revisions"}],"predecessor-version":[{"id":4062,"href":"https:\/\/artwebsites.com.br\/adegao\/wp-json\/wp\/v2\/product\/2727\/revisions\/4062"}],"wp:featuredmedia":[{"embeddable":true,"href":"https:\/\/artwebsites.com.br\/adegao\/wp-json\/wp\/v2\/media\/2728"}],"wp:attachment":[{"href":"https:\/\/artwebsites.com.br\/adegao\/wp-json\/wp\/v2\/media?parent=2727"}],"wp:term":[{"taxonomy":"product_cat","embeddable":true,"href":"https:\/\/artwebsites.com.br\/adegao\/wp-json\/wp\/v2\/product_cat?post=2727"},{"taxonomy":"product_tag","embeddable":true,"href":"https:\/\/artwebsites.com.br\/adegao\/wp-json\/wp\/v2\/product_tag?post=2727"}],"curies":[{"name":"wp","href":"https:\/\/api.w.org\/{rel}","templated":true}]}}